{"id":395,"date":"2025-02-26T16:41:29","date_gmt":"2025-02-26T16:41:29","guid":{"rendered":"https:\/\/raf.roaditsolutions.com\/?page_id=395"},"modified":"2025-07-15T19:18:49","modified_gmt":"2025-07-15T19:18:49","slug":"privacy-policies","status":"publish","type":"page","link":"https:\/\/rafsolutionsla.net\/es\/privacy-policies\/","title":{"rendered":"Pol\u00edticas de privacidad"},"content":{"rendered":"<p><\/p>\n\n\n\n<p>Bienvenido a <strong>Soluciones RAF LA, Inc.<\/strong> (\u201cCompa\u00f1\u00eda\u201d, \u201cnosotros\u201d, \u201cnuestro\u201d o \u201cnos\u201d). Nos comprometemos a proteger su privacidad y a garantizar que su informaci\u00f3n personal se gestione de forma segura y de conformidad con las leyes de protecci\u00f3n de datos aplicables, incluyendo la <strong>Reglamento General de Protecci\u00f3n de Datos (RGPD)<\/strong>, el <strong>Ley de Privacidad del Consumidor de California (CCPA)<\/strong>, y otras regulaciones de privacidad pertinentes.<\/p>\n\n\n\n<p>Este <strong>pol\u00edtica de privacidad<\/strong> describe c\u00f3mo recopilamos, usamos, divulgamos y protegemos sus datos personales cuando visita nuestro sitio web, interact\u00faa con nuestros servicios o se comunica con nosotros.<\/p>\n\n\n\n<p>Al utilizar nuestro sitio web y nuestros servicios, usted acepta los t\u00e9rminos de este <strong>pol\u00edtica de privacidad<\/strong>Si no est\u00e1 de acuerdo, deje de utilizar nuestros servicios.<\/p>\n\n\n\n<h2 class=\"wp-block-heading\"><strong>1. Informaci\u00f3n que recopilamos<\/strong><\/h2>\n\n\n\n<p>Recopilamos distintos tipos de informaci\u00f3n personal y no personal para prestar y mejorar nuestros servicios. Esto incluye:<\/p>\n\n\n\n<h3 class=\"wp-block-heading\"><strong>1.1. Informaci\u00f3n personal<\/strong><\/h3>\n\n\n\n<p>Podemos recopilar la siguiente informaci\u00f3n de identificaci\u00f3n personal cuando interact\u00faa con nuestro sitio web, se suscribe a nuestros servicios o se comunica con nosotros:<\/p>\n\n\n\n<ul class=\"wp-block-list\">\n<li>Nombre completo<\/li>\n\n\n\n<li>Direcci\u00f3n de correo electr\u00f3nico<\/li>\n\n\n\n<li>N\u00famero de tel\u00e9fono<\/li>\n\n\n\n<li>nombre de empresa<\/li>\n\n\n\n<li>T\u00edtulo profesional<\/li>\n\n\n\n<li>Direcci\u00f3n de facturaci\u00f3n y env\u00edo<\/li>\n\n\n\n<li>Detalles de pago (procesados a trav\u00e9s de proveedores de pago externos)<\/li>\n<\/ul>\n\n\n\n<h3 class=\"wp-block-heading\"><strong>1.2. Informaci\u00f3n recopilada autom\u00e1ticamente<\/strong><\/h3>\n\n\n\n<p>Cuando visita nuestro sitio web, podemos recopilar ciertos datos autom\u00e1ticamente, incluidos:<\/p>\n\n\n\n<ul class=\"wp-block-list\">\n<li><strong>Direcci\u00f3n IP<\/strong><\/li>\n\n\n\n<li><strong>Tipo y versi\u00f3n del navegador<\/strong><\/li>\n\n\n\n<li><strong>Informaci\u00f3n del dispositivo (por ejemplo, sistema operativo, ID del dispositivo)<\/strong><\/li>\n\n\n\n<li><strong>Sitio web de referencia<\/strong><\/li>\n\n\n\n<li><strong>Hora y fecha de acceso<\/strong><\/li>\n\n\n\n<li><strong>P\u00e1ginas vistas y comportamiento de los clics<\/strong><\/li>\n<\/ul>\n\n\n\n<h3 class=\"wp-block-heading\"><strong>1.3. Cookies y tecnolog\u00edas de seguimiento<\/strong><\/h3>\n\n\n\n<p>Utilizamos cookies, p\u00edxeles de seguimiento y tecnolog\u00edas similares para mejorar su experiencia de navegaci\u00f3n y analizar el tr\u00e1fico del sitio web. Puede administrar las preferencias de cookies a trav\u00e9s de la configuraci\u00f3n de su navegador. Consulte nuestra <strong>Pol\u00edtica de cookies<\/strong> Para m\u00e1s detalles.<\/p>\n\n\n\n<h2 class=\"wp-block-heading\"><strong>2. C\u00f3mo usamos su informaci\u00f3n<\/strong><\/h2>\n\n\n\n<p>Recopilamos y procesamos sus datos personales para los siguientes fines:<\/p>\n\n\n\n<ul class=\"wp-block-list\">\n<li><strong>Para proporcionar nuestros servicios<\/strong> \u2013 Entregar nuestros productos y servicios, cumplir pedidos y responder consultas.<\/li>\n\n\n\n<li><strong>Atenci\u00f3n al cliente<\/strong> \u2013 Ayudarle con preguntas, resoluci\u00f3n de problemas y asistencia t\u00e9cnica.<\/li>\n\n\n\n<li><strong>Marketing y comunicaciones<\/strong> \u2013 Env\u00edo de boletines informativos, ofertas promocionales o actualizaciones de eventos (solo con su consentimiento).<\/li>\n\n\n\n<li><strong>Seguridad y prevenci\u00f3n del fraude<\/strong> \u2013 Protecci\u00f3n contra accesos no autorizados, violaciones de seguridad y actividades fraudulentas.<\/li>\n\n\n\n<li><strong>Cumplimiento legal y normativo<\/strong> \u2013 Cumplir con nuestras obligaciones legales, como las regulaciones fiscales y las leyes de protecci\u00f3n al consumidor.<\/li>\n\n\n\n<li><strong>Mejora y an\u00e1lisis de sitios web<\/strong> \u2013 Supervisar el rendimiento del sitio web, realizar investigaciones y mejorar la experiencia del usuario.<\/li>\n<\/ul>\n\n\n\n<p>Nosotros <strong>no lo har\u00e1<\/strong> utilizar su informaci\u00f3n personal para cualquier otro prop\u00f3sito sin obtener su consentimiento expl\u00edcito.<\/p>\n\n\n\n<h2 class=\"wp-block-heading\"><strong>3. Intercambio y divulgaci\u00f3n de su informaci\u00f3n<\/strong><\/h2>\n\n\n\n<p>Nosotros lo hacemos <strong>no<\/strong> Vender o alquilar sus datos personales. Sin embargo, podr\u00edamos compartir su informaci\u00f3n con:<\/p>\n\n\n\n<h3 class=\"wp-block-heading\"><strong>3.1. Proveedores de servicios y proveedores externos<\/strong><\/h3>\n\n\n\n<p>Trabajamos con terceros para ayudarnos a brindar mejores servicios, como:<\/p>\n\n\n\n<ul class=\"wp-block-list\">\n<li>Servicios de alojamiento web y TI<\/li>\n\n\n\n<li>Procesadores de pago (por ejemplo, Stripe, PayPal)<\/li>\n\n\n\n<li>Plataformas de marketing por correo electr\u00f3nico (por ejemplo, Mailchimp)<\/li>\n\n\n\n<li>Proveedores de an\u00e1lisis y seguimiento (por ejemplo, Google Analytics)<\/li>\n<\/ul>\n\n\n\n<p>Todos los proveedores de servicios externos est\u00e1n obligados contractualmente a manejar sus datos de forma segura y en cumplimiento con esta <strong>pol\u00edtica de privacidad<\/strong>.<\/p>\n\n\n\n<h3 class=\"wp-block-heading\"><strong>3.2. Divulgaciones legales y regulatorias<\/strong><\/h3>\n\n\n\n<p>Podemos divulgar sus datos si lo exige la ley, como por ejemplo:<\/p>\n\n\n\n<ul class=\"wp-block-list\">\n<li>Cumplimiento de citaciones, \u00f3rdenes judiciales o procesos legales.<\/li>\n\n\n\n<li>Protecci\u00f3n de nuestros derechos legales, propiedad intelectual e intereses comerciales.<\/li>\n\n\n\n<li>Prevenir actividades fraudulentas o ilegales.<\/li>\n<\/ul>\n\n\n\n<h3 class=\"wp-block-heading\"><strong>3.3. Transferencias de empresas<\/strong><\/h3>\n\n\n\n<p>En caso de fusi\u00f3n, adquisici\u00f3n o venta de nuestra empresa, sus datos personales podr\u00edan transferirse a la nueva entidad. Se le notificar\u00e1 de dichos cambios.<\/p>\n\n\n\n<h2 class=\"wp-block-heading\"><strong>4. Seguridad y protecci\u00f3n de datos<\/strong><\/h2>\n\n\n\n<p>Nosotros implementamos <strong>medidas de seguridad t\u00e9cnicas, administrativas y f\u00edsicas<\/strong> para proteger sus datos personales contra:<\/p>\n\n\n\n<ul class=\"wp-block-list\">\n<li>Acceso no autorizado<\/li>\n\n\n\n<li>P\u00e9rdida o corrupci\u00f3n de datos<\/li>\n\n\n\n<li>Malware y ciberataques<\/li>\n<\/ul>\n\n\n\n<h3 class=\"wp-block-heading\"><strong>4.1. Las medidas de seguridad incluyen:<\/strong><\/h3>\n\n\n\n<ul class=\"wp-block-list\">\n<li><strong>Cifrado:<\/strong> Los datos sensibles se cifran durante la transmisi\u00f3n y el almacenamiento.<\/li>\n\n\n\n<li><strong>Controles de acceso:<\/strong> S\u00f3lo el personal autorizado puede acceder a sus datos.<\/li>\n\n\n\n<li><strong>Auditor\u00edas peri\u00f3dicas:<\/strong> Realizamos evaluaciones de seguridad peri\u00f3dicas para prevenir infracciones.<\/li>\n<\/ul>\n\n\n\n<p>Si bien tomamos todas las precauciones para proteger sus datos, <strong>Ning\u00fan sistema es seguro 100%<\/strong>Le recomendamos utilizar contrase\u00f1as seguras y tener cuidado al compartir informaci\u00f3n personal en l\u00ednea.<\/p>\n\n\n\n<h2 class=\"wp-block-heading\"><strong>5. Sus derechos y opciones<\/strong><\/h2>\n\n\n\n<p>Dependiendo de su ubicaci\u00f3n, usted tiene derechos espec\u00edficos con respecto a sus datos personales:<\/p>\n\n\n\n<h3 class=\"wp-block-heading\"><strong>5.1. Bajo el RGPD (Residentes de la UE)<\/strong><\/h3>\n\n\n\n<p>Si est\u00e1s en el <strong>Uni\u00f3n Europea (UE)<\/strong>, usted tiene derecho a:<br>\u2705 <strong>Acceso<\/strong> \u2013 Solicitar una copia de los datos personales que tenemos sobre usted.<br>\u2705 <strong>Correcci\u00f3n<\/strong> \u2013 Solicitar la correcci\u00f3n de datos inexactos o incompletos.<br>\u2705 <strong>Supresi\u00f3n (\u201cDerecho al olvido\u201d)<\/strong> \u2013 Solicitar la eliminaci\u00f3n de sus datos personales.<br>\u2705 <strong>Restringir el procesamiento<\/strong> \u2013 Limitar la forma en que utilizamos sus datos en determinadas circunstancias.<br>\u2705 <strong>Portabilidad de datos<\/strong> \u2013 Recibir sus datos en un formato estructurado para su transferencia.<br>\u2705 <strong>Objeci\u00f3n al procesamiento<\/strong> \u2013 Detener el tratamiento de sus datos en determinados casos.<\/p>\n\n\n\n<h3 class=\"wp-block-heading\"><strong>5.2. Bajo la CCPA (Residentes de California)<\/strong><\/h3>\n\n\n\n<p>Si eres un <strong>residente de California<\/strong>, usted tiene derecho a:<br>\u2705 Conozca qu\u00e9 informaci\u00f3n personal recopilamos.<br>\u2705 Solicitar la supresi\u00f3n de tus datos personales.<br>\u2705 Optar por no compartir ni vender datos (no vendemos datos).<\/p>\n\n\n\n<p>Para ejercer sus derechos, <strong>Env\u00edenos un correo electr\u00f3nico a: <a>john.gargaro@rafsolutions.net<\/a><\/strong>Responderemos dentro del plazo legalmente requerido.<\/p>\n\n\n\n<h2 class=\"wp-block-heading\"><strong>6. Retenci\u00f3n de datos<\/strong><\/h2>\n\n\n\n<p>Conservamos sus datos personales solo el tiempo necesario para fines comerciales y legales. Una vez que ya no los necesitamos, los eliminamos de forma segura o los anonimizamos.<\/p>\n\n\n\n<h2 class=\"wp-block-heading\"><strong>7. Enlaces de terceros y sitios web externos<\/strong><\/h2>\n\n\n\n<p>Nuestro sitio web puede contener enlaces a sitios web de terceros. <strong>no responsable<\/strong> Para conocer sus pol\u00edticas de privacidad o el manejo de datos, le recomendamos que revise sus pol\u00edticas de privacidad por separado.<\/p>\n\n\n\n<h2 class=\"wp-block-heading\"><strong>8. Privacidad de los ni\u00f1os<\/strong><\/h2>\n\n\n\n<p>Nuestros servicios son <strong>No apto para ni\u00f1os menores de 13 a\u00f1os.<\/strong>No recopilamos deliberadamente datos de menores. Si cree que hemos recopilado dichos datos inadvertidamente, por favor... <strong>Cont\u00e1ctanos inmediatamente<\/strong> para su eliminaci\u00f3n.<\/p>\n\n\n\n<h2 class=\"wp-block-heading\"><strong>9. Cambios a esta Pol\u00edtica de Privacidad<\/strong><\/h2>\n\n\n\n<p>Podemos actualizar esto <strong>pol\u00edtica de privacidad<\/strong> Peri\u00f3dicamente para reflejar cambios en los requisitos legales o las operaciones comerciales. Cualquier actualizaci\u00f3n se publicar\u00e1 en esta p\u00e1gina, y le recomendamos que revise esta pol\u00edtica peri\u00f3dicamente.<\/p>\n\n\n\n<h2 class=\"wp-block-heading\"><strong>10. Cont\u00e1ctenos<\/strong><\/h2>\n\n\n\n<p>Si tiene alguna pregunta, inquietud o solicitud con respecto a esto <strong>pol\u00edtica de privacidad<\/strong>, por favor cont\u00e1ctenos:<\/p>\n\n\n\n<p>\ud83d\udce7 <strong>Correo electr\u00f3nico:<\/strong> <a>john.gargaro@rafsolutions.net<\/a><br>\ud83d\udccd <strong>Compa\u00f1\u00eda:<\/strong> Soluciones RAF LA, Inc.<\/p>","protected":false},"excerpt":{"rendered":"<p>Welcome to RAF Solutions LA, Inc. (&#8220;Company,&#8221; &#8220;we,&#8221; &#8220;our,&#8221; or &#8220;us&#8221;). We are committed to protecting your privacy and ensuring that your personal information is handled<span class=\"excerpt-hellip\"> [\u2026]<\/span><\/p>","protected":false},"author":1,"featured_media":0,"parent":0,"menu_order":0,"comment_status":"closed","ping_status":"closed","template":"","meta":{"footnotes":""},"class_list":["post-395","page","type-page","status-publish","hentry"],"_links":{"self":[{"href":"https:\/\/rafsolutionsla.net\/es\/wp-json\/wp\/v2\/pages\/395","targetHints":{"allow":["GET"]}}],"collection":[{"href":"https:\/\/rafsolutionsla.net\/es\/wp-json\/wp\/v2\/pages"}],"about":[{"href":"https:\/\/rafsolutionsla.net\/es\/wp-json\/wp\/v2\/types\/page"}],"author":[{"embeddable":true,"href":"https:\/\/rafsolutionsla.net\/es\/wp-json\/wp\/v2\/users\/1"}],"replies":[{"embeddable":true,"href":"https:\/\/rafsolutionsla.net\/es\/wp-json\/wp\/v2\/comments?post=395"}],"version-history":[{"count":1,"href":"https:\/\/rafsolutionsla.net\/es\/wp-json\/wp\/v2\/pages\/395\/revisions"}],"predecessor-version":[{"id":396,"href":"https:\/\/rafsolutionsla.net\/es\/wp-json\/wp\/v2\/pages\/395\/revisions\/396"}],"wp:attachment":[{"href":"https:\/\/rafsolutionsla.net\/es\/wp-json\/wp\/v2\/media?parent=395"}],"curies":[{"name":"gracias","href":"https:\/\/api.w.org\/{rel}","templated":true}]}}